{"id":2426,"date":"2024-12-03T20:32:36","date_gmt":"2024-12-03T20:32:36","guid":{"rendered":"https:\/\/dev.generalinvestigations.ro\/?page_id=2426"},"modified":"2024-12-15T13:58:35","modified_gmt":"2024-12-15T13:58:35","slug":"legalitate-si-etica","status":"publish","type":"page","link":"https:\/\/dev.generalinvestigations.ro\/en\/legalitate-si-etica\/","title":{"rendered":"Legality and Ethics"},"content":{"rendered":"<div data-elementor-type=\"wp-page\" data-elementor-id=\"2426\" class=\"elementor elementor-2426\">\n\t\t\t\t\t\t<div class=\"elementor-section elementor-top-section elementor-element elementor-element-e393949 elementor-section-full_width elementor-section-height-default elementor-section-height-default\" data-id=\"e393949\" data-element_type=\"section\">\n\t\t\t\t\t\t<div class=\"elementor-container elementor-column-gap-extended\">\n\t\t\t\t\t<div class=\"elementor-column elementor-col-100 elementor-top-column elementor-element elementor-element-3dc7b72\" data-id=\"3dc7b72\" data-element_type=\"column\">\n\t\t\t<div class=\"elementor-widget-wrap\">\n\t\t\t\t\t\t\t<\/div>\n\t\t<\/div>\n\t\t\t\t\t<\/div>\n\t\t<\/div>\n\t\t\t\t<section class=\"elementor-section elementor-top-section elementor-element elementor-element-9776087 elementor-section-boxed elementor-section-height-default elementor-section-height-default\" data-id=\"9776087\" data-element_type=\"section\">\n\t\t\t\t\t\t<div class=\"elementor-container elementor-column-gap-default\">\n\t\t\t\t\t<div class=\"elementor-column elementor-col-100 elementor-top-column elementor-element elementor-element-9439332\" data-id=\"9439332\" data-element_type=\"column\">\n\t\t\t<div class=\"elementor-widget-wrap elementor-element-populated\">\n\t\t\t\t\t\t<div class=\"elementor-element elementor-element-c41eecf elementor-widget elementor-widget-heading\" data-id=\"c41eecf\" data-element_type=\"widget\" data-widget_type=\"heading.default\">\n\t\t\t\t<div class=\"elementor-widget-container\">\n\t\t\t\t\t<h2 class=\"elementor-heading-title elementor-size-default\">Professional Standards<\/h2>\t\t\t\t<\/div>\n\t\t\t\t<\/div>\n\t\t\t\t<div class=\"elementor-element elementor-element-e6b6226 elementor-widget elementor-widget-text-editor\" data-id=\"e6b6226\" data-element_type=\"widget\" data-widget_type=\"text-editor.default\">\n\t\t\t\t<div class=\"elementor-widget-container\">\n\t\t\t\t\t\t\t\t\t<p><span style=\"font-weight: 400;\">The cases taken are legitimate<\/span><\/p><p><span style=\"font-weight: 400;\">The activities carried out do not infringe upon the right to private, family, and intimate life, or other fundamental rights and freedoms.<\/span><\/p><p><span style=\"font-weight: 400;\">The information obtained from the activities conducted by the private investigator is intended exclusively for their client, in accordance with the law.<\/span><\/p><p><span style=\"font-weight: 400;\">Data and information obtained during the investigation can only be communicated, upon request, to judicial courts and the Public Ministry if they are useful for discovering the truth in ongoing cases.<\/span><\/p><p><span style=\"font-weight: 400;\">In the course of their activities, the private investigator is subject to the law and the professional and ethical standards of the company.<\/span><\/p><p><span style=\"font-weight: 400;\">In exercising their profession, the private investigator has the right to conduct investigations concerning individuals, properties, facts, data, and circumstances related to this activity, strictly respecting the rights and freedoms of citizens, as well as legal provisions.<\/span><\/p><p><span style=\"font-weight: 400;\">During an investigation, the private investigator may request information from individuals or public authorities which, according to the law, is not classified and does not infringe on the right to privacy or other fundamental rights and freedoms of the individual concerned.<\/span><\/p>\t\t\t\t\t\t\t\t<\/div>\n\t\t\t\t<\/div>\n\t\t\t\t<div class=\"elementor-element elementor-element-80892d0 elementor-widget elementor-widget-heading\" data-id=\"80892d0\" data-element_type=\"widget\" data-widget_type=\"heading.default\">\n\t\t\t\t<div class=\"elementor-widget-container\">\n\t\t\t\t\t<h5 class=\"elementor-heading-title elementor-size-default\">The private investigator has the following obligations:<\/h5>\t\t\t\t<\/div>\n\t\t\t\t<\/div>\n\t\t\t\t<div class=\"elementor-element elementor-element-183ee3e elementor-icon-list--layout-traditional elementor-list-item-link-full_width elementor-widget elementor-widget-icon-list\" data-id=\"183ee3e\" data-element_type=\"widget\" id=\"special-list\" data-widget_type=\"icon-list.default\">\n\t\t\t\t<div class=\"elementor-widget-container\">\n\t\t\t\t\t\t\t<ul class=\"elementor-icon-list-items\">\n\t\t\t\t\t\t\t<li class=\"elementor-icon-list-item\">\n\t\t\t\t\t\t\t\t\t\t\t<span class=\"elementor-icon-list-icon\">\n\t\t\t\t\t\t\t<i aria-hidden=\"true\" class=\"fas fa-check\"><\/i>\t\t\t\t\t\t<\/span>\n\t\t\t\t\t\t\t\t\t\t<span class=\"elementor-icon-list-text\">To demonstrate integrity and professionalism, as their purpose is to uncover the truth in the case they were hired for;<\/span>\n\t\t\t\t\t\t\t\t\t<\/li>\n\t\t\t\t\t\t\t\t<li class=\"elementor-icon-list-item\">\n\t\t\t\t\t\t\t\t\t\t\t<span class=\"elementor-icon-list-icon\">\n\t\t\t\t\t\t\t<i aria-hidden=\"true\" class=\"fas fa-check\"><\/i>\t\t\t\t\t\t<\/span>\n\t\t\t\t\t\t\t\t\t\t<span class=\"elementor-icon-list-text\">To use investigation methods and means that do not violate the law or citizens' rights and freedoms;<\/span>\n\t\t\t\t\t\t\t\t\t<\/li>\n\t\t\t\t\t\t\t\t<li class=\"elementor-icon-list-item\">\n\t\t\t\t\t\t\t\t\t\t\t<span class=\"elementor-icon-list-icon\">\n\t\t\t\t\t\t\t<i aria-hidden=\"true\" class=\"fas fa-check\"><\/i>\t\t\t\t\t\t<\/span>\n\t\t\t\t\t\t\t\t\t\t<span class=\"elementor-icon-list-text\">To maintain professional secrecy, even after ceasing to be a private investigator, regarding the actions, facts, data, and circumstances they become aware of during their activities, except where expressly provided by law;<\/span>\n\t\t\t\t\t\t\t\t\t<\/li>\n\t\t\t\t\t\t\t\t<li class=\"elementor-icon-list-item\">\n\t\t\t\t\t\t\t\t\t\t\t<span class=\"elementor-icon-list-icon\">\n\t\t\t\t\t\t\t<i aria-hidden=\"true\" class=\"fas fa-check\"><\/i>\t\t\t\t\t\t<\/span>\n\t\t\t\t\t\t\t\t\t\t<span class=\"elementor-icon-list-text\">To only use their status as a private investigator in the interest of service.<\/span>\n\t\t\t\t\t\t\t\t\t<\/li>\n\t\t\t\t\t\t<\/ul>\n\t\t\t\t\t\t<\/div>\n\t\t\t\t<\/div>\n\t\t\t\t<div class=\"elementor-element elementor-element-dae32d6 elementor-widget elementor-widget-heading\" data-id=\"dae32d6\" data-element_type=\"widget\" data-widget_type=\"heading.default\">\n\t\t\t\t<div class=\"elementor-widget-container\">\n\t\t\t\t\t<h5 class=\"elementor-heading-title elementor-size-default\">The private investigator is prohibited from conducting investigations regarding:\n\n<\/h5>\t\t\t\t<\/div>\n\t\t\t\t<\/div>\n\t\t\t\t<div class=\"elementor-element elementor-element-65dc862 elementor-icon-list--layout-traditional elementor-list-item-link-full_width elementor-widget elementor-widget-icon-list\" data-id=\"65dc862\" data-element_type=\"widget\" id=\"special-list\" data-widget_type=\"icon-list.default\">\n\t\t\t\t<div class=\"elementor-widget-container\">\n\t\t\t\t\t\t\t<ul class=\"elementor-icon-list-items\">\n\t\t\t\t\t\t\t<li class=\"elementor-icon-list-item\">\n\t\t\t\t\t\t\t\t\t\t\t<span class=\"elementor-icon-list-icon\">\n\t\t\t\t\t\t\t<i aria-hidden=\"true\" class=\"fas fa-check\"><\/i>\t\t\t\t\t\t<\/span>\n\t\t\t\t\t\t\t\t\t\t<span class=\"elementor-icon-list-text\">The activities of staff from diplomatic and consular missions or from international organizations with similar status;<\/span>\n\t\t\t\t\t\t\t\t\t<\/li>\n\t\t\t\t\t\t\t\t<li class=\"elementor-icon-list-item\">\n\t\t\t\t\t\t\t\t\t\t\t<span class=\"elementor-icon-list-icon\">\n\t\t\t\t\t\t\t<i aria-hidden=\"true\" class=\"fas fa-check\"><\/i>\t\t\t\t\t\t<\/span>\n\t\t\t\t\t\t\t\t\t\t<span class=\"elementor-icon-list-text\">The activities of individuals who, permanently or temporarily, act in the interest of public authorities, institutions, or other legal entities of public interest or in public services;<\/span>\n\t\t\t\t\t\t\t\t\t<\/li>\n\t\t\t\t\t\t\t\t<li class=\"elementor-icon-list-item\">\n\t\t\t\t\t\t\t\t\t\t\t<span class=\"elementor-icon-list-icon\">\n\t\t\t\t\t\t\t<i aria-hidden=\"true\" class=\"fas fa-check\"><\/i>\t\t\t\t\t\t<\/span>\n\t\t\t\t\t\t\t\t\t\t<span class=\"elementor-icon-list-text\">Confidential data concerning political, religious, philosophical, or union beliefs and expressions of these beliefs, sexual orientation, health, or social or ethnic origin of a person;<\/span>\n\t\t\t\t\t\t\t\t\t<\/li>\n\t\t\t\t\t\t\t\t<li class=\"elementor-icon-list-item\">\n\t\t\t\t\t\t\t\t\t\t\t<span class=\"elementor-icon-list-icon\">\n\t\t\t\t\t\t\t<i aria-hidden=\"true\" class=\"fas fa-check\"><\/i>\t\t\t\t\t\t<\/span>\n\t\t\t\t\t\t\t\t\t\t<span class=\"elementor-icon-list-text\">Ongoing criminal cases within judicial bodies;<\/span>\n\t\t\t\t\t\t\t\t\t<\/li>\n\t\t\t\t\t\t\t\t<li class=\"elementor-icon-list-item\">\n\t\t\t\t\t\t\t\t\t\t\t<span class=\"elementor-icon-list-icon\">\n\t\t\t\t\t\t\t<i aria-hidden=\"true\" class=\"fas fa-check\"><\/i>\t\t\t\t\t\t<\/span>\n\t\t\t\t\t\t\t\t\t\t<span class=\"elementor-icon-list-text\">Specific activities conducted by institutions with duties in defense, public order, and national security.<\/span>\n\t\t\t\t\t\t\t\t\t<\/li>\n\t\t\t\t\t\t<\/ul>\n\t\t\t\t\t\t<\/div>\n\t\t\t\t<\/div>\n\t\t\t\t<div class=\"elementor-element elementor-element-ceedfa3 elementor-widget elementor-widget-heading\" data-id=\"ceedfa3\" data-element_type=\"widget\" data-widget_type=\"heading.default\">\n\t\t\t\t<div class=\"elementor-widget-container\">\n\t\t\t\t\t<h5 class=\"elementor-heading-title elementor-size-default\">In organizing and conducting its activities, our company has the obligation:<\/h5>\t\t\t\t<\/div>\n\t\t\t\t<\/div>\n\t\t\t\t<div class=\"elementor-element elementor-element-272a493 elementor-icon-list--layout-traditional elementor-list-item-link-full_width elementor-widget elementor-widget-icon-list\" data-id=\"272a493\" data-element_type=\"widget\" id=\"special-list\" data-widget_type=\"icon-list.default\">\n\t\t\t\t<div class=\"elementor-widget-container\">\n\t\t\t\t\t\t\t<ul class=\"elementor-icon-list-items\">\n\t\t\t\t\t\t\t<li class=\"elementor-icon-list-item\">\n\t\t\t\t\t\t\t\t\t\t\t<span class=\"elementor-icon-list-icon\">\n\t\t\t\t\t\t\t<i aria-hidden=\"true\" class=\"fas fa-check\"><\/i>\t\t\t\t\t\t<\/span>\n\t\t\t\t\t\t\t\t\t\t<span class=\"elementor-icon-list-text\">To undertake investigations only based on a written agreement concluded with the client;<\/span>\n\t\t\t\t\t\t\t\t\t<\/li>\n\t\t\t\t\t\t\t\t<li class=\"elementor-icon-list-item\">\n\t\t\t\t\t\t\t\t\t\t\t<span class=\"elementor-icon-list-icon\">\n\t\t\t\t\t\t\t<i aria-hidden=\"true\" class=\"fas fa-check\"><\/i>\t\t\t\t\t\t<\/span>\n\t\t\t\t\t\t\t\t\t\t<span class=\"elementor-icon-list-text\"> To establish a numbered register and register it with the local police inspectorate or, as applicable, with the General Police Directorate of Bucharest, where the investigated cases are recorded;<\/span>\n\t\t\t\t\t\t\t\t\t<\/li>\n\t\t\t\t\t\t\t\t<li class=\"elementor-icon-list-item\">\n\t\t\t\t\t\t\t\t\t\t\t<span class=\"elementor-icon-list-icon\">\n\t\t\t\t\t\t\t<i aria-hidden=\"true\" class=\"fas fa-check\"><\/i>\t\t\t\t\t\t<\/span>\n\t\t\t\t\t\t\t\t\t\t<span class=\"elementor-icon-list-text\">To communicate data and information requested by criminal investigation authorities, prosecutors, or courts;<\/span>\n\t\t\t\t\t\t\t\t\t<\/li>\n\t\t\t\t\t\t\t\t<li class=\"elementor-icon-list-item\">\n\t\t\t\t\t\t\t\t\t\t\t<span class=\"elementor-icon-list-icon\">\n\t\t\t\t\t\t\t<i aria-hidden=\"true\" class=\"fas fa-check\"><\/i>\t\t\t\t\t\t<\/span>\n\t\t\t\t\t\t\t\t\t\t<span class=\"elementor-icon-list-text\"> In cases where the obtained information concerns national security, to promptly notify the relevant authorities;<\/span>\n\t\t\t\t\t\t\t\t\t<\/li>\n\t\t\t\t\t\t\t\t<li class=\"elementor-icon-list-item\">\n\t\t\t\t\t\t\t\t\t\t\t<span class=\"elementor-icon-list-icon\">\n\t\t\t\t\t\t\t<i aria-hidden=\"true\" class=\"fas fa-check\"><\/i>\t\t\t\t\t\t<\/span>\n\t\t\t\t\t\t\t\t\t\t<span class=\"elementor-icon-list-text\">To hire and use only those with the status of private investigators for specific investigative activities;<\/span>\n\t\t\t\t\t\t\t\t\t<\/li>\n\t\t\t\t\t\t\t\t<li class=\"elementor-icon-list-item\">\n\t\t\t\t\t\t\t\t\t\t\t<span class=\"elementor-icon-list-icon\">\n\t\t\t\t\t\t\t<i aria-hidden=\"true\" class=\"fas fa-check\"><\/i>\t\t\t\t\t\t<\/span>\n\t\t\t\t\t\t\t\t\t\t<span class=\"elementor-icon-list-text\">To welcome students from schools of private investigation for practical training based on agreements, as possible.<\/span>\n\t\t\t\t\t\t\t\t\t<\/li>\n\t\t\t\t\t\t<\/ul>\n\t\t\t\t\t\t<\/div>\n\t\t\t\t<\/div>\n\t\t\t\t<div class=\"elementor-element elementor-element-2a69aaf elementor-widget elementor-widget-heading\" data-id=\"2a69aaf\" data-element_type=\"widget\" data-widget_type=\"heading.default\">\n\t\t\t\t<div class=\"elementor-widget-container\">\n\t\t\t\t\t<h5 class=\"elementor-heading-title elementor-size-default\">The practice of the profession of private investigator is incompatible with:\n<\/h5>\t\t\t\t<\/div>\n\t\t\t\t<\/div>\n\t\t\t\t<div class=\"elementor-element elementor-element-e1417e4 elementor-icon-list--layout-traditional elementor-list-item-link-full_width elementor-widget elementor-widget-icon-list\" data-id=\"e1417e4\" data-element_type=\"widget\" id=\"special-list\" data-widget_type=\"icon-list.default\">\n\t\t\t\t<div class=\"elementor-widget-container\">\n\t\t\t\t\t\t\t<ul class=\"elementor-icon-list-items\">\n\t\t\t\t\t\t\t<li class=\"elementor-icon-list-item\">\n\t\t\t\t\t\t\t\t\t\t\t<span class=\"elementor-icon-list-icon\">\n\t\t\t\t\t\t\t<i aria-hidden=\"true\" class=\"fas fa-check\"><\/i>\t\t\t\t\t\t<\/span>\n\t\t\t\t\t\t\t\t\t\t<span class=\"elementor-icon-list-text\">Paid work in other professions involving the exercise of public authority;<\/span>\n\t\t\t\t\t\t\t\t\t<\/li>\n\t\t\t\t\t\t\t\t<li class=\"elementor-icon-list-item\">\n\t\t\t\t\t\t\t\t\t\t\t<span class=\"elementor-icon-list-icon\">\n\t\t\t\t\t\t\t<i aria-hidden=\"true\" class=\"fas fa-check\"><\/i>\t\t\t\t\t\t<\/span>\n\t\t\t\t\t\t\t\t\t\t<span class=\"elementor-icon-list-text\">Activities that influence the independence of the profession or contravene public morals;<\/span>\n\t\t\t\t\t\t\t\t\t<\/li>\n\t\t\t\t\t\t\t\t<li class=\"elementor-icon-list-item\">\n\t\t\t\t\t\t\t\t\t\t\t<span class=\"elementor-icon-list-icon\">\n\t\t\t\t\t\t\t<i aria-hidden=\"true\" class=\"fas fa-check\"><\/i>\t\t\t\t\t\t<\/span>\n\t\t\t\t\t\t\t\t\t\t<span class=\"elementor-icon-list-text\">Direct handling of commercial acts, except those in line with the object of activity and fulfilling specific duties.<\/span>\n\t\t\t\t\t\t\t\t\t<\/li>\n\t\t\t\t\t\t<\/ul>\n\t\t\t\t\t\t<\/div>\n\t\t\t\t<\/div>\n\t\t\t\t\t<\/div>\n\t\t<\/div>\n\t\t\t\t\t<\/div>\n\t\t<\/section>\n\t\t\t\t<section class=\"elementor-section elementor-top-section elementor-element elementor-element-dde108b elementor-section-boxed elementor-section-height-default elementor-section-height-default\" data-id=\"dde108b\" data-element_type=\"section\">\n\t\t\t\t\t\t<div class=\"elementor-container elementor-column-gap-extended\">\n\t\t\t\t\t<div class=\"elementor-column elementor-col-50 elementor-top-column elementor-element elementor-element-592256c\" data-id=\"592256c\" data-element_type=\"column\">\n\t\t\t<div class=\"elementor-widget-wrap elementor-element-populated\">\n\t\t\t\t\t\t<div class=\"elementor-element elementor-element-8b235a4 elementor-widget elementor-widget-heading\" data-id=\"8b235a4\" data-element_type=\"widget\" data-widget_type=\"heading.default\">\n\t\t\t\t<div class=\"elementor-widget-container\">\n\t\t\t\t\t<h2 class=\"elementor-heading-title elementor-size-default\">Ethical Standards<\/h2>\t\t\t\t<\/div>\n\t\t\t\t<\/div>\n\t\t\t\t<div class=\"elementor-element elementor-element-b0d87e6 elementor-widget elementor-widget-text-editor\" data-id=\"b0d87e6\" data-element_type=\"widget\" data-widget_type=\"text-editor.default\">\n\t\t\t\t<div class=\"elementor-widget-container\">\n\t\t\t\t\t\t\t\t\t<p><span style=\"font-weight: 400;\">In our company, we believe that our competitive advantage is directly related to our integrity and the ethical principles that guide our activities.\u00a0<\/span><\/p><p><span style=\"font-weight: 400;\">We advocate for responsibility and ethical practices in all our relationships, ensuring that our success is obtained through honest and fair means.<\/span><\/p><p><span style=\"font-weight: 400;\">Client trust is essential to us, and we commit to fostering a culture of integrity that supports our mutual success and promotes a lasting and respectful relationship among all parties involved.<\/span><\/p><p><span style=\"font-weight: 400;\">Our set of values reflects our firm commitment to the highest ethical practices and standards of conduct. It reflects how we behave when interacting with each other, our partners, and our clients.<\/span><\/p>\t\t\t\t\t\t\t\t<\/div>\n\t\t\t\t<\/div>\n\t\t\t\t\t<\/div>\n\t\t<\/div>\n\t\t\t\t<div class=\"elementor-column elementor-col-50 elementor-top-column elementor-element elementor-element-1daac5d\" data-id=\"1daac5d\" data-element_type=\"column\">\n\t\t\t<div class=\"elementor-widget-wrap elementor-element-populated\">\n\t\t\t\t\t\t<div class=\"elementor-element elementor-element-6697014 elementor-widget elementor-widget-image\" data-id=\"6697014\" data-element_type=\"widget\" data-widget_type=\"image.default\">\n\t\t\t\t<div class=\"elementor-widget-container\">\n\t\t\t\t\t\t\t\t\t\t\t\t\t\t\t<img fetchpriority=\"high\" decoding=\"async\" width=\"640\" height=\"360\" src=\"https:\/\/dev.generalinvestigations.ro\/wp-content\/uploads\/2024\/12\/2-1024x576.jpg\" class=\"attachment-large size-large wp-image-2568\" alt=\"\" srcset=\"https:\/\/dev.generalinvestigations.ro\/wp-content\/uploads\/2024\/12\/2-1024x576.jpg 1024w, https:\/\/dev.generalinvestigations.ro\/wp-content\/uploads\/2024\/12\/2-300x169.jpg 300w, https:\/\/dev.generalinvestigations.ro\/wp-content\/uploads\/2024\/12\/2-768x432.jpg 768w, https:\/\/dev.generalinvestigations.ro\/wp-content\/uploads\/2024\/12\/2-1536x864.jpg 1536w, https:\/\/dev.generalinvestigations.ro\/wp-content\/uploads\/2024\/12\/2-18x10.jpg 18w, https:\/\/dev.generalinvestigations.ro\/wp-content\/uploads\/2024\/12\/2.jpg 1920w\" sizes=\"(max-width: 640px) 100vw, 640px\" \/>\t\t\t\t\t\t\t\t\t\t\t\t\t\t\t<\/div>\n\t\t\t\t<\/div>\n\t\t\t\t\t<\/div>\n\t\t<\/div>\n\t\t\t\t\t<\/div>\n\t\t<\/section>\n\t\t\t\t<section class=\"elementor-section elementor-top-section elementor-element elementor-element-be734da elementor-section-boxed elementor-section-height-default elementor-section-height-default\" data-id=\"be734da\" data-element_type=\"section\">\n\t\t\t\t\t\t<div class=\"elementor-container elementor-column-gap-extended\">\n\t\t\t\t\t<div class=\"elementor-column elementor-col-50 elementor-top-column elementor-element elementor-element-ef8f936\" data-id=\"ef8f936\" data-element_type=\"column\">\n\t\t\t<div class=\"elementor-widget-wrap elementor-element-populated\">\n\t\t\t\t\t\t<div class=\"elementor-element elementor-element-782d78b elementor-widget elementor-widget-image\" data-id=\"782d78b\" data-element_type=\"widget\" data-widget_type=\"image.default\">\n\t\t\t\t<div class=\"elementor-widget-container\">\n\t\t\t\t\t\t\t\t\t\t\t\t\t\t\t<img decoding=\"async\" width=\"640\" height=\"526\" src=\"https:\/\/dev.generalinvestigations.ro\/wp-content\/uploads\/2020\/07\/blog_3-1-1-1-1.jpg\" class=\"attachment-large size-large wp-image-410\" alt=\"\" srcset=\"https:\/\/dev.generalinvestigations.ro\/wp-content\/uploads\/2020\/07\/blog_3-1-1-1-1.jpg 730w, https:\/\/dev.generalinvestigations.ro\/wp-content\/uploads\/2020\/07\/blog_3-1-1-1-1-300x247.jpg 300w\" sizes=\"(max-width: 640px) 100vw, 640px\" \/>\t\t\t\t\t\t\t\t\t\t\t\t\t\t\t<\/div>\n\t\t\t\t<\/div>\n\t\t\t\t\t<\/div>\n\t\t<\/div>\n\t\t\t\t<div class=\"elementor-column elementor-col-50 elementor-top-column elementor-element elementor-element-cd01169\" data-id=\"cd01169\" data-element_type=\"column\">\n\t\t\t<div class=\"elementor-widget-wrap elementor-element-populated\">\n\t\t\t\t\t\t<div class=\"elementor-element elementor-element-f3c9594 elementor-widget elementor-widget-heading\" data-id=\"f3c9594\" data-element_type=\"widget\" data-widget_type=\"heading.default\">\n\t\t\t\t<div class=\"elementor-widget-container\">\n\t\t\t\t\t<h2 class=\"elementor-heading-title elementor-size-default\">Legislation<\/h2>\t\t\t\t<\/div>\n\t\t\t\t<\/div>\n\t\t\t\t<div class=\"elementor-element elementor-element-4a8e2b9 elementor-widget elementor-widget-text-editor\" data-id=\"4a8e2b9\" data-element_type=\"widget\" id=\"no-color\" data-widget_type=\"text-editor.default\">\n\t\t\t\t<div class=\"elementor-widget-container\">\n\t\t\t\t\t\t\t\t\t<ol><li><span style=\"font-weight: 400;\"><a href=\"https:\/\/legislatie.just.ro\/Public\/DetaliiDocumentAfis\/45168\">Law No. 329<\/a> of July 8, 2003 on the exercise of the profession of private investigator<\/span><\/li><li><span style=\"font-weight: 400;\">Norms of October 7, 2004 for applying\u00a0<\/span><a href=\"https:\/\/legislatie.just.ro\/Public\/DetaliiDocumentAfis\/45168\"><span style=\"font-weight: 400;\">Law No. 329\/2003<\/span><\/a><span style=\"font-weight: 400;\">\u00a0regarding the exercise of the profession of private investigator<\/span><\/li><li><span style=\"font-weight: 400;\">Law no. 190 of July 18, 2018 on measures for the implementation of Regulation (EU) 2016\/679 of the European Parliament and Council of April 27, 2016 on the protection of natural persons concerning the processing of personal data and on the free movement of such data, and repealing Directive 95\/46\/EC (General Data Protection Regulation);<\/span><\/li><li><span style=\"font-weight: 400;\">Government Ordinance no. 75\/2000 regarding the organization of criminalistic expertise activity, approved with amendments by Law no. 488\/2002 and amended and supplemented by Law no. 156\/2011;<\/span><\/li><li><span style=\"font-weight: 400;\">The Code of Criminal Procedure.<\/span><\/li><\/ol>\t\t\t\t\t\t\t\t<\/div>\n\t\t\t\t<\/div>\n\t\t\t\t\t<\/div>\n\t\t<\/div>\n\t\t\t\t\t<\/div>\n\t\t<\/section>\n\t\t\t\t<\/div>","protected":false},"excerpt":{"rendered":"<p>Legalitate \u0219i etic\u0103 Cod de conduit\u0103: Valori Integritate Corectitudine Lucru \u00een echip\u0103 \u00cencredere Onestitate Responsabilitate Colaborare Eficien\u021b\u0103 Standarde profesionale Cazurile preluate sunt legitime. Activitatea desf\u0103\u0219urat\u0103 nu aduce atingere dreptului la via\u0163a intima, familial\u0103 \u015fi privat\u0103 ori altor drepturi \u015fi libert\u0103\u0163i fundamentale. Informa\u0163iile ob\u0163inute \u00een urma activit\u0103\u0163ilor desf\u0103\u015furate de detectivul particular sunt destinate exclusiv clientului acestuia, <\/p>","protected":false},"author":1,"featured_media":0,"parent":0,"menu_order":0,"comment_status":"closed","ping_status":"closed","template":"","meta":{"_acf_changed":false,"footnotes":""},"class_list":["post-2426","page","type-page","status-publish","hentry"],"acf":[],"_links":{"self":[{"href":"https:\/\/dev.generalinvestigations.ro\/en\/wp-json\/wp\/v2\/pages\/2426","targetHints":{"allow":["GET"]}}],"collection":[{"href":"https:\/\/dev.generalinvestigations.ro\/en\/wp-json\/wp\/v2\/pages"}],"about":[{"href":"https:\/\/dev.generalinvestigations.ro\/en\/wp-json\/wp\/v2\/types\/page"}],"author":[{"embeddable":true,"href":"https:\/\/dev.generalinvestigations.ro\/en\/wp-json\/wp\/v2\/users\/1"}],"replies":[{"embeddable":true,"href":"https:\/\/dev.generalinvestigations.ro\/en\/wp-json\/wp\/v2\/comments?post=2426"}],"version-history":[{"count":19,"href":"https:\/\/dev.generalinvestigations.ro\/en\/wp-json\/wp\/v2\/pages\/2426\/revisions"}],"predecessor-version":[{"id":2688,"href":"https:\/\/dev.generalinvestigations.ro\/en\/wp-json\/wp\/v2\/pages\/2426\/revisions\/2688"}],"wp:attachment":[{"href":"https:\/\/dev.generalinvestigations.ro\/en\/wp-json\/wp\/v2\/media?parent=2426"}],"curies":[{"name":"wp","href":"https:\/\/api.w.org\/{rel}","templated":true}]}}