{"id":2252,"date":"2024-12-02T17:53:14","date_gmt":"2024-12-02T17:53:14","guid":{"rendered":"https:\/\/dev.generalinvestigations.ro\/?page_id=2252"},"modified":"2024-12-18T15:51:02","modified_gmt":"2024-12-18T15:51:02","slug":"despre-noi","status":"publish","type":"page","link":"https:\/\/dev.generalinvestigations.ro\/en\/despre-noi\/","title":{"rendered":"About Us"},"content":{"rendered":"<div data-elementor-type=\"wp-page\" data-elementor-id=\"2252\" class=\"elementor elementor-2252\">\n\t\t\t\t\t\t<section class=\"elementor-section elementor-top-section elementor-element elementor-element-112e8ec elementor-section-boxed elementor-section-height-default elementor-section-height-default\" data-id=\"112e8ec\" data-element_type=\"section\" data-settings=\"{&quot;background_background&quot;:&quot;classic&quot;}\">\n\t\t\t\t\t\t<div class=\"elementor-container elementor-column-gap-extended\">\n\t\t\t\t\t<div class=\"elementor-column elementor-col-50 elementor-top-column elementor-element elementor-element-a3d8ce8\" data-id=\"a3d8ce8\" data-element_type=\"column\">\n\t\t\t<div class=\"elementor-widget-wrap elementor-element-populated\">\n\t\t\t\t\t\t<div class=\"elementor-element elementor-element-a96317e elementor-widget elementor-widget-heading\" data-id=\"a96317e\" data-element_type=\"widget\" data-widget_type=\"heading.default\">\n\t\t\t\t<div class=\"elementor-widget-container\">\n\t\t\t\t\t<h2 class=\"elementor-heading-title elementor-size-default\">The Company\n<\/h2>\t\t\t\t<\/div>\n\t\t\t\t<\/div>\n\t\t\t\t<div class=\"elementor-element elementor-element-4f587f8 elementor-widget elementor-widget-text-editor\" data-id=\"4f587f8\" data-element_type=\"widget\" data-widget_type=\"text-editor.default\">\n\t\t\t\t<div class=\"elementor-widget-container\">\n\t\t\t\t\t\t\t\t\t<p><strong>With a team of professionals with over 20 years of experience <\/strong><span style=\"font-weight: 400;\">in the field of complex investigations, our company provides quality services with promptness, discretion and efficiency.<br \/><\/span><\/p><p><strong>We ensure expertise and support at both national and international levels across various fields: fraud prevention, business management and integrity, due diligence, market research, and investment opportunity assessment, cybersecurity, as well as personal and asset protection.<\/strong><\/p><p><span style=\"font-weight: 400;\">The methods we use cover the entire range recognized internationally, adhering to the highest standards for both online and field investigations (documentation, monitoring, surveillance).<br \/><\/span><\/p><p>The management of requests and investigative teams is conducted by professionals with more than 20 years of experience in intelligence and law enforcement structures.<\/p><p><span style=\"font-weight: 400;\">The investigations we conduct strictly comply with legal provisions and ethical standards.\nWe work exclusively with licensed investigators in legitimate cases.<\/span><\/p>\t\t\t\t\t\t\t\t<\/div>\n\t\t\t\t<\/div>\n\t\t\t\t\t<\/div>\n\t\t<\/div>\n\t\t\t\t<div class=\"elementor-column elementor-col-50 elementor-top-column elementor-element elementor-element-6a479fd\" data-id=\"6a479fd\" data-element_type=\"column\">\n\t\t\t<div class=\"elementor-widget-wrap elementor-element-populated\">\n\t\t\t\t\t\t<div class=\"elementor-element elementor-element-e9cb830 elementor-widget elementor-widget-image\" data-id=\"e9cb830\" data-element_type=\"widget\" data-widget_type=\"image.default\">\n\t\t\t\t<div class=\"elementor-widget-container\">\n\t\t\t\t\t\t\t\t\t\t\t\t\t\t\t<img fetchpriority=\"high\" decoding=\"async\" width=\"640\" height=\"640\" src=\"https:\/\/dev.generalinvestigations.ro\/wp-content\/uploads\/2024\/12\/despre-noi-echipa.webp\" class=\"attachment-large size-large wp-image-2601\" alt=\"\" srcset=\"https:\/\/dev.generalinvestigations.ro\/wp-content\/uploads\/2024\/12\/despre-noi-echipa.webp 1024w, https:\/\/dev.generalinvestigations.ro\/wp-content\/uploads\/2024\/12\/despre-noi-echipa-300x300.webp 300w, https:\/\/dev.generalinvestigations.ro\/wp-content\/uploads\/2024\/12\/despre-noi-echipa-150x150.webp 150w, https:\/\/dev.generalinvestigations.ro\/wp-content\/uploads\/2024\/12\/despre-noi-echipa-768x768.webp 768w, https:\/\/dev.generalinvestigations.ro\/wp-content\/uploads\/2024\/12\/despre-noi-echipa-12x12.webp 12w\" sizes=\"(max-width: 640px) 100vw, 640px\" \/>\t\t\t\t\t\t\t\t\t\t\t\t\t\t\t<\/div>\n\t\t\t\t<\/div>\n\t\t\t\t\t<\/div>\n\t\t<\/div>\n\t\t\t\t\t<\/div>\n\t\t<\/section>\n\t\t\t\t<section class=\"elementor-section elementor-top-section elementor-element elementor-element-de9e9fc elementor-section-boxed elementor-section-height-default elementor-section-height-default\" data-id=\"de9e9fc\" data-element_type=\"section\" data-settings=\"{&quot;background_background&quot;:&quot;classic&quot;}\">\n\t\t\t\t\t\t<div class=\"elementor-container elementor-column-gap-extended\">\n\t\t\t\t\t<div class=\"elementor-column elementor-col-50 elementor-top-column elementor-element elementor-element-6545766\" data-id=\"6545766\" data-element_type=\"column\">\n\t\t\t<div class=\"elementor-widget-wrap elementor-element-populated\">\n\t\t\t\t\t\t<div class=\"elementor-element elementor-element-14a53ec elementor-widget elementor-widget-image\" data-id=\"14a53ec\" data-element_type=\"widget\" data-widget_type=\"image.default\">\n\t\t\t\t<div class=\"elementor-widget-container\">\n\t\t\t\t\t\t\t\t\t\t\t\t\t\t\t<img decoding=\"async\" width=\"640\" height=\"640\" src=\"https:\/\/dev.generalinvestigations.ro\/wp-content\/uploads\/2024\/12\/detectivi-corporate.webp\" class=\"attachment-large size-large wp-image-2603\" alt=\"\" srcset=\"https:\/\/dev.generalinvestigations.ro\/wp-content\/uploads\/2024\/12\/detectivi-corporate.webp 1024w, https:\/\/dev.generalinvestigations.ro\/wp-content\/uploads\/2024\/12\/detectivi-corporate-300x300.webp 300w, https:\/\/dev.generalinvestigations.ro\/wp-content\/uploads\/2024\/12\/detectivi-corporate-150x150.webp 150w, https:\/\/dev.generalinvestigations.ro\/wp-content\/uploads\/2024\/12\/detectivi-corporate-768x768.webp 768w, https:\/\/dev.generalinvestigations.ro\/wp-content\/uploads\/2024\/12\/detectivi-corporate-12x12.webp 12w\" sizes=\"(max-width: 640px) 100vw, 640px\" \/>\t\t\t\t\t\t\t\t\t\t\t\t\t\t\t<\/div>\n\t\t\t\t<\/div>\n\t\t\t\t\t<\/div>\n\t\t<\/div>\n\t\t\t\t<div class=\"elementor-column elementor-col-50 elementor-top-column elementor-element elementor-element-7d7256b\" data-id=\"7d7256b\" data-element_type=\"column\">\n\t\t\t<div class=\"elementor-widget-wrap elementor-element-populated\">\n\t\t\t\t\t\t<div class=\"elementor-element elementor-element-7611ba4 elementor-widget elementor-widget-text-editor\" data-id=\"7611ba4\" data-element_type=\"widget\" data-widget_type=\"text-editor.default\">\n\t\t\t\t<div class=\"elementor-widget-container\">\n\t\t\t\t\t\t\t\t\t<p><span style=\"font-weight: 400;\">We work exclusively with licensed investigators in legitimate cases.<\/span><\/p><p><span style=\"font-weight: 400;\">We accept requests at a national level.<\/span><\/p><p><span style=\"font-weight: 400;\">Depending on the specificity and complexity of the request, we ensure teams from a central, zonal, or local level. We also respond to requests involving international coverage.<\/span><\/p><p><span style=\"font-weight: 400;\">We also reply to international requests.<\/span><\/p><p><span style=\"font-weight: 400;\">In particular cases, General Investigations benefits from the support of the Romanian Detectives' Patronage, the World Association of Detectives, and FEDERPOL, national and international organizations of which we are a member.<\/span><\/p>\t\t\t\t\t\t\t\t<\/div>\n\t\t\t\t<\/div>\n\t\t\t\t<section class=\"elementor-section elementor-inner-section elementor-element elementor-element-4896aeb elementor-section-boxed elementor-section-height-default elementor-section-height-default\" data-id=\"4896aeb\" data-element_type=\"section\">\n\t\t\t\t\t\t<div class=\"elementor-container elementor-column-gap-default\">\n\t\t\t\t\t<div class=\"elementor-column elementor-col-33 elementor-inner-column elementor-element elementor-element-eb7f036\" data-id=\"eb7f036\" data-element_type=\"column\">\n\t\t\t<div class=\"elementor-widget-wrap elementor-element-populated\">\n\t\t\t\t\t\t<div class=\"elementor-element elementor-element-3efad76 elementor-widget elementor-widget-image\" data-id=\"3efad76\" data-element_type=\"widget\" data-widget_type=\"image.default\">\n\t\t\t\t<div class=\"elementor-widget-container\">\n\t\t\t\t\t\t\t\t\t\t\t\t\t\t\t<img decoding=\"async\" width=\"150\" height=\"150\" src=\"https:\/\/dev.generalinvestigations.ro\/wp-content\/uploads\/2024\/12\/patronat-150x150.png\" class=\"attachment-thumbnail size-thumbnail wp-image-2272\" alt=\"\" srcset=\"https:\/\/dev.generalinvestigations.ro\/wp-content\/uploads\/2024\/12\/patronat-150x150.png 150w, https:\/\/dev.generalinvestigations.ro\/wp-content\/uploads\/2024\/12\/patronat-12x12.png 12w, https:\/\/dev.generalinvestigations.ro\/wp-content\/uploads\/2024\/12\/patronat.png 300w\" sizes=\"(max-width: 150px) 100vw, 150px\" \/>\t\t\t\t\t\t\t\t\t\t\t\t\t\t\t<\/div>\n\t\t\t\t<\/div>\n\t\t\t\t\t<\/div>\n\t\t<\/div>\n\t\t\t\t<div class=\"elementor-column elementor-col-33 elementor-inner-column elementor-element elementor-element-ed0a878\" data-id=\"ed0a878\" data-element_type=\"column\">\n\t\t\t<div class=\"elementor-widget-wrap elementor-element-populated\">\n\t\t\t\t\t\t<div class=\"elementor-element elementor-element-ab1e088 elementor-widget elementor-widget-image\" data-id=\"ab1e088\" data-element_type=\"widget\" data-widget_type=\"image.default\">\n\t\t\t\t<div class=\"elementor-widget-container\">\n\t\t\t\t\t\t\t\t\t\t\t\t\t\t\t<img loading=\"lazy\" decoding=\"async\" width=\"150\" height=\"150\" src=\"https:\/\/dev.generalinvestigations.ro\/wp-content\/uploads\/2024\/12\/wad-150x150.png\" class=\"attachment-thumbnail size-thumbnail wp-image-2271\" alt=\"\" srcset=\"https:\/\/dev.generalinvestigations.ro\/wp-content\/uploads\/2024\/12\/wad-150x150.png 150w, https:\/\/dev.generalinvestigations.ro\/wp-content\/uploads\/2024\/12\/wad-13x12.png 13w\" sizes=\"(max-width: 150px) 100vw, 150px\" \/>\t\t\t\t\t\t\t\t\t\t\t\t\t\t\t<\/div>\n\t\t\t\t<\/div>\n\t\t\t\t\t<\/div>\n\t\t<\/div>\n\t\t\t\t<div class=\"elementor-column elementor-col-33 elementor-inner-column elementor-element elementor-element-3161b67\" data-id=\"3161b67\" data-element_type=\"column\">\n\t\t\t<div class=\"elementor-widget-wrap elementor-element-populated\">\n\t\t\t\t\t\t<div class=\"elementor-element elementor-element-0ad9c16 elementor-widget elementor-widget-image\" data-id=\"0ad9c16\" data-element_type=\"widget\" data-widget_type=\"image.default\">\n\t\t\t\t<div class=\"elementor-widget-container\">\n\t\t\t\t\t\t\t\t\t\t\t\t\t\t\t<img loading=\"lazy\" decoding=\"async\" width=\"132\" height=\"130\" src=\"https:\/\/dev.generalinvestigations.ro\/wp-content\/uploads\/2024\/12\/federpol.webp\" class=\"attachment-thumbnail size-thumbnail wp-image-2270\" alt=\"\" srcset=\"https:\/\/dev.generalinvestigations.ro\/wp-content\/uploads\/2024\/12\/federpol.webp 132w, https:\/\/dev.generalinvestigations.ro\/wp-content\/uploads\/2024\/12\/federpol-12x12.webp 12w\" sizes=\"(max-width: 132px) 100vw, 132px\" \/>\t\t\t\t\t\t\t\t\t\t\t\t\t\t\t<\/div>\n\t\t\t\t<\/div>\n\t\t\t\t\t<\/div>\n\t\t<\/div>\n\t\t\t\t\t<\/div>\n\t\t<\/section>\n\t\t\t\t<div class=\"elementor-element elementor-element-5bb01d0 elementor-widget elementor-widget-text-editor\" data-id=\"5bb01d0\" data-element_type=\"widget\" data-widget_type=\"text-editor.default\">\n\t\t\t\t<div class=\"elementor-widget-container\">\n\t\t\t\t\t\t\t\t\t<p><span style=\"font-weight: 400;\">When appropriate, we collaborate with lawyers, notaries, and judicial executors.<\/span><\/p>\t\t\t\t\t\t\t\t<\/div>\n\t\t\t\t<\/div>\n\t\t\t\t\t<\/div>\n\t\t<\/div>\n\t\t\t\t\t<\/div>\n\t\t<\/section>\n\t\t\t\t<section class=\"elementor-section elementor-top-section elementor-element elementor-element-66e676f elementor-section-boxed elementor-section-height-default elementor-section-height-default\" data-id=\"66e676f\" data-element_type=\"section\">\n\t\t\t\t\t\t<div class=\"elementor-container elementor-column-gap-default\">\n\t\t\t\t\t<div class=\"elementor-column elementor-col-100 elementor-top-column elementor-element elementor-element-9168355\" data-id=\"9168355\" data-element_type=\"column\">\n\t\t\t<div class=\"elementor-widget-wrap elementor-element-populated\">\n\t\t\t\t\t\t<div class=\"elementor-element elementor-element-6baf221 elementor-invisible elementor-widget elementor-widget-text-editor\" data-id=\"6baf221\" data-element_type=\"widget\" data-settings=\"{&quot;_animation&quot;:&quot;fadeInLeft&quot;}\" data-widget_type=\"text-editor.default\">\n\t\t\t\t<div class=\"elementor-widget-container\">\n\t\t\t\t\t\t\t\t\t<h1 style=\"color:#fff;\"><strong>General Investigations: Experience Builds Excellence!<\/strong><\/h1>\t\t\t\t\t\t\t\t<\/div>\n\t\t\t\t<\/div>\n\t\t\t\t\t<\/div>\n\t\t<\/div>\n\t\t\t\t\t<\/div>\n\t\t<\/section>\n\t\t\t\t<div class=\"elementor-section elementor-top-section elementor-element elementor-element-2515236 ptb-100 elementor-section-full_width elementor-section-height-default elementor-section-height-default\" data-id=\"2515236\" data-element_type=\"section\">\n\t\t\t\t\t\t<div class=\"elementor-container elementor-column-gap-no\">\n\t\t\t\t\t<div class=\"elementor-column elementor-col-100 elementor-top-column elementor-element elementor-element-b325bee\" data-id=\"b325bee\" data-element_type=\"column\">\n\t\t\t<div class=\"elementor-widget-wrap\">\n\t\t\t\t\t\t\t<\/div>\n\t\t<\/div>\n\t\t\t\t\t<\/div>\n\t\t<\/div>\n\t\t\t\t<section class=\"elementor-section elementor-top-section elementor-element elementor-element-00b9754 elementor-section-boxed elementor-section-height-default elementor-section-height-default\" data-id=\"00b9754\" data-element_type=\"section\">\n\t\t\t\t\t\t<div class=\"elementor-container elementor-column-gap-extended\">\n\t\t\t\t\t<div class=\"elementor-column elementor-col-50 elementor-top-column elementor-element elementor-element-02e9ff0\" data-id=\"02e9ff0\" data-element_type=\"column\">\n\t\t\t<div class=\"elementor-widget-wrap elementor-element-populated\">\n\t\t\t\t\t\t<div class=\"elementor-element elementor-element-bb2cf66 elementor-widget elementor-widget-heading\" data-id=\"bb2cf66\" data-element_type=\"widget\" data-widget_type=\"heading.default\">\n\t\t\t\t<div class=\"elementor-widget-container\">\n\t\t\t\t\t<h2 class=\"elementor-heading-title elementor-size-default\">Excellence<\/h2>\t\t\t\t<\/div>\n\t\t\t\t<\/div>\n\t\t\t\t<div class=\"elementor-element elementor-element-922f5ac elementor-widget elementor-widget-text-editor\" data-id=\"922f5ac\" data-element_type=\"widget\" data-widget_type=\"text-editor.default\">\n\t\t\t\t<div class=\"elementor-widget-container\">\n\t\t\t\t\t\t\t\t\t<p><span style=\"font-weight: 400;\">In over 20 years of activity, General Investigations has reached increasingly ambitious objectives, now becoming a benchmark for professionalism in the private investigations industry in Romania.<\/span><\/p><p><span style=\"font-weight: 400;\">Our company has successfully completed cases both in the country and abroad.<\/span><\/p><p><span style=\"font-weight: 400;\">The number and diversity of our cases have grown alongside the experience gained and the strengthening of our team and internal and international partnerships.<\/span><\/p><p><span style=\"font-weight: 400;\">Our customers are on average 70% legal entities and they operate across a wide range of sectors, such as industry, finance, agribusiness, trade, sports, insurance, automotive, law, consulting, and auditing.<\/span><\/p>\t\t\t\t\t\t\t\t<\/div>\n\t\t\t\t<\/div>\n\t\t\t\t\t<\/div>\n\t\t<\/div>\n\t\t\t\t<div class=\"elementor-column elementor-col-50 elementor-top-column elementor-element elementor-element-48a21ff\" data-id=\"48a21ff\" data-element_type=\"column\">\n\t\t\t<div class=\"elementor-widget-wrap elementor-element-populated\">\n\t\t\t\t\t\t<div class=\"elementor-element elementor-element-917d3fd elementor-widget elementor-widget-image\" data-id=\"917d3fd\" data-element_type=\"widget\" data-widget_type=\"image.default\">\n\t\t\t\t<div class=\"elementor-widget-container\">\n\t\t\t\t\t\t\t\t\t\t\t\t\t\t\t<img loading=\"lazy\" decoding=\"async\" width=\"640\" height=\"526\" src=\"https:\/\/dev.generalinvestigations.ro\/wp-content\/uploads\/2020\/07\/blog_06-1-1-1-1.jpg\" class=\"attachment-large size-large wp-image-404\" alt=\"\" srcset=\"https:\/\/dev.generalinvestigations.ro\/wp-content\/uploads\/2020\/07\/blog_06-1-1-1-1.jpg 730w, https:\/\/dev.generalinvestigations.ro\/wp-content\/uploads\/2020\/07\/blog_06-1-1-1-1-300x247.jpg 300w\" sizes=\"(max-width: 640px) 100vw, 640px\" \/>\t\t\t\t\t\t\t\t\t\t\t\t\t\t\t<\/div>\n\t\t\t\t<\/div>\n\t\t\t\t\t<\/div>\n\t\t<\/div>\n\t\t\t\t\t<\/div>\n\t\t<\/section>\n\t\t\t\t<\/div>","protected":false},"excerpt":{"rendered":"<p>Compania Cu o echip\u0103 de profesioni\u0219ti cu peste 20 de ani de experien\u021b\u0103 \u00een domeniul investiga\u021biilor complexe, compania noastr\u0103 ofer\u0103 servicii de calitate, cu promptitudine, discre\u021bie \u0219i eficien\u021b\u0103. Asigur\u0103m expertiz\u0103 \u0219i suport, la nivel na\u021bional \u0219i interna\u021bional, \u00een domenii diverse: antifraud\u0103, managementul \u0219i integritatea afacerii, due dilligence, prospectarea pie\u021bei \u0219i evaluarea de oportunit\u0103\u021bi de investi\u021bii, <\/p>","protected":false},"author":1,"featured_media":0,"parent":0,"menu_order":0,"comment_status":"closed","ping_status":"closed","template":"","meta":{"_acf_changed":false,"footnotes":""},"class_list":["post-2252","page","type-page","status-publish","hentry"],"acf":[],"_links":{"self":[{"href":"https:\/\/dev.generalinvestigations.ro\/en\/wp-json\/wp\/v2\/pages\/2252","targetHints":{"allow":["GET"]}}],"collection":[{"href":"https:\/\/dev.generalinvestigations.ro\/en\/wp-json\/wp\/v2\/pages"}],"about":[{"href":"https:\/\/dev.generalinvestigations.ro\/en\/wp-json\/wp\/v2\/types\/page"}],"author":[{"embeddable":true,"href":"https:\/\/dev.generalinvestigations.ro\/en\/wp-json\/wp\/v2\/users\/1"}],"replies":[{"embeddable":true,"href":"https:\/\/dev.generalinvestigations.ro\/en\/wp-json\/wp\/v2\/comments?post=2252"}],"version-history":[{"count":73,"href":"https:\/\/dev.generalinvestigations.ro\/en\/wp-json\/wp\/v2\/pages\/2252\/revisions"}],"predecessor-version":[{"id":2696,"href":"https:\/\/dev.generalinvestigations.ro\/en\/wp-json\/wp\/v2\/pages\/2252\/revisions\/2696"}],"wp:attachment":[{"href":"https:\/\/dev.generalinvestigations.ro\/en\/wp-json\/wp\/v2\/media?parent=2252"}],"curies":[{"name":"wp","href":"https:\/\/api.w.org\/{rel}","templated":true}]}}