{"id":19,"date":"2020-07-18T16:33:25","date_gmt":"2020-07-18T16:33:25","guid":{"rendered":"https:\/\/dev.generalinvestigations.ro\/?page_id=19"},"modified":"2024-12-15T11:53:54","modified_gmt":"2024-12-15T11:53:54","slug":"home","status":"publish","type":"page","link":"https:\/\/dev.generalinvestigations.ro\/en\/","title":{"rendered":"Home"},"content":{"rendered":"<div data-elementor-type=\"wp-page\" data-elementor-id=\"19\" class=\"elementor elementor-19\">\n\t\t\t\t\t\t<div class=\"elementor-section elementor-top-section elementor-element elementor-element-7ba21c2 elementor-section-full_width elementor-section-height-default elementor-section-height-default\" data-id=\"7ba21c2\" data-element_type=\"section\">\n\t\t\t\t\t\t<div class=\"elementor-container elementor-column-gap-no\">\n\t\t\t\t\t<div class=\"elementor-column elementor-col-100 elementor-top-column elementor-element elementor-element-461f6a7\" data-id=\"461f6a7\" data-element_type=\"column\">\n\t\t\t<div class=\"elementor-widget-wrap\">\n\t\t\t\t\t\t\t<\/div>\n\t\t<\/div>\n\t\t\t\t\t<\/div>\n\t\t<\/div>\n\t\t\t\t<section class=\"elementor-section elementor-top-section elementor-element elementor-element-b7ad6d5 elementor-section-boxed elementor-section-height-default elementor-section-height-default\" data-id=\"b7ad6d5\" data-element_type=\"section\">\n\t\t\t\t\t\t<div class=\"elementor-container elementor-column-gap-default\">\n\t\t\t\t\t<div class=\"elementor-column elementor-col-100 elementor-top-column elementor-element elementor-element-1637e05\" data-id=\"1637e05\" data-element_type=\"column\">\n\t\t\t<div class=\"elementor-widget-wrap elementor-element-populated\">\n\t\t\t\t\t\t<section class=\"elementor-section elementor-inner-section elementor-element elementor-element-b2447fa elementor-section-content-middle elementor-section-boxed elementor-section-height-default elementor-section-height-default\" data-id=\"b2447fa\" data-element_type=\"section\">\n\t\t\t\t\t\t<div class=\"elementor-container elementor-column-gap-default\">\n\t\t\t\t\t<div class=\"elementor-column elementor-col-33 elementor-inner-column elementor-element elementor-element-2c50676 elementor-invisible\" data-id=\"2c50676\" data-element_type=\"column\" data-settings=\"{&quot;animation&quot;:&quot;fadeInLeft&quot;}\">\n\t\t\t<div class=\"elementor-widget-wrap elementor-element-populated\">\n\t\t\t\t\t\t<div class=\"elementor-element elementor-element-fe43e6c elementor-widget elementor-widget-image\" data-id=\"fe43e6c\" data-element_type=\"widget\" data-widget_type=\"image.default\">\n\t\t\t\t<div class=\"elementor-widget-container\">\n\t\t\t\t\t\t\t\t\t\t\t\t\t\t\t<img decoding=\"async\" width=\"150\" height=\"150\" src=\"https:\/\/dev.generalinvestigations.ro\/wp-content\/uploads\/2024\/12\/patronat-150x150.png\" class=\"attachment-thumbnail size-thumbnail wp-image-2272\" alt=\"\" srcset=\"https:\/\/dev.generalinvestigations.ro\/wp-content\/uploads\/2024\/12\/patronat-150x150.png 150w, https:\/\/dev.generalinvestigations.ro\/wp-content\/uploads\/2024\/12\/patronat-12x12.png 12w, https:\/\/dev.generalinvestigations.ro\/wp-content\/uploads\/2024\/12\/patronat.png 300w\" sizes=\"(max-width: 150px) 100vw, 150px\" \/>\t\t\t\t\t\t\t\t\t\t\t\t\t\t\t<\/div>\n\t\t\t\t<\/div>\n\t\t\t\t\t<\/div>\n\t\t<\/div>\n\t\t\t\t<div class=\"elementor-column elementor-col-33 elementor-inner-column elementor-element elementor-element-1e2c5b9 elementor-invisible\" data-id=\"1e2c5b9\" data-element_type=\"column\" data-settings=\"{&quot;animation&quot;:&quot;fadeInUp&quot;}\">\n\t\t\t<div class=\"elementor-widget-wrap elementor-element-populated\">\n\t\t\t\t\t\t<div class=\"elementor-element elementor-element-fc47de3 elementor-widget elementor-widget-image\" data-id=\"fc47de3\" data-element_type=\"widget\" data-widget_type=\"image.default\">\n\t\t\t\t<div class=\"elementor-widget-container\">\n\t\t\t\t\t\t\t\t\t\t\t\t\t\t\t<img decoding=\"async\" width=\"150\" height=\"150\" src=\"https:\/\/dev.generalinvestigations.ro\/wp-content\/uploads\/2024\/12\/wad-150x150.png\" class=\"attachment-thumbnail size-thumbnail wp-image-2271\" alt=\"\" srcset=\"https:\/\/dev.generalinvestigations.ro\/wp-content\/uploads\/2024\/12\/wad-150x150.png 150w, https:\/\/dev.generalinvestigations.ro\/wp-content\/uploads\/2024\/12\/wad-13x12.png 13w\" sizes=\"(max-width: 150px) 100vw, 150px\" \/>\t\t\t\t\t\t\t\t\t\t\t\t\t\t\t<\/div>\n\t\t\t\t<\/div>\n\t\t\t\t\t<\/div>\n\t\t<\/div>\n\t\t\t\t<div class=\"elementor-column elementor-col-33 elementor-inner-column elementor-element elementor-element-23a7c58 elementor-invisible\" data-id=\"23a7c58\" data-element_type=\"column\" data-settings=\"{&quot;animation&quot;:&quot;fadeInRight&quot;}\">\n\t\t\t<div class=\"elementor-widget-wrap elementor-element-populated\">\n\t\t\t\t\t\t<div class=\"elementor-element elementor-element-f9fe3e4 elementor-widget elementor-widget-image\" data-id=\"f9fe3e4\" data-element_type=\"widget\" data-widget_type=\"image.default\">\n\t\t\t\t<div class=\"elementor-widget-container\">\n\t\t\t\t\t\t\t\t\t\t\t\t\t\t\t<img decoding=\"async\" width=\"132\" height=\"130\" src=\"https:\/\/dev.generalinvestigations.ro\/wp-content\/uploads\/2024\/12\/federpol.webp\" class=\"attachment-thumbnail size-thumbnail wp-image-2270\" alt=\"\" srcset=\"https:\/\/dev.generalinvestigations.ro\/wp-content\/uploads\/2024\/12\/federpol.webp 132w, https:\/\/dev.generalinvestigations.ro\/wp-content\/uploads\/2024\/12\/federpol-12x12.webp 12w\" sizes=\"(max-width: 132px) 100vw, 132px\" \/>\t\t\t\t\t\t\t\t\t\t\t\t\t\t\t<\/div>\n\t\t\t\t<\/div>\n\t\t\t\t\t<\/div>\n\t\t<\/div>\n\t\t\t\t\t<\/div>\n\t\t<\/section>\n\t\t\t\t\t<\/div>\n\t\t<\/div>\n\t\t\t\t\t<\/div>\n\t\t<\/section>\n\t\t\t\t<div class=\"elementor-section elementor-top-section elementor-element elementor-element-1f7a507 solutions-area pb-70 elementor-section-full_width elementor-section-height-default elementor-section-height-default\" data-id=\"1f7a507\" data-element_type=\"section\">\n\t\t\t\t\t\t<div class=\"elementor-container elementor-column-gap-no\">\n\t\t\t\t\t<div class=\"elementor-column elementor-col-100 elementor-top-column elementor-element elementor-element-c772cbc\" data-id=\"c772cbc\" data-element_type=\"column\">\n\t\t\t<div class=\"elementor-widget-wrap\">\n\t\t\t\t\t\t\t<\/div>\n\t\t<\/div>\n\t\t\t\t\t<\/div>\n\t\t<\/div>\n\t\t\t\t<section class=\"elementor-section elementor-top-section elementor-element elementor-element-ba1e69e elementor-section-boxed elementor-section-height-default elementor-section-height-default\" data-id=\"ba1e69e\" data-element_type=\"section\" data-settings=\"{&quot;background_background&quot;:&quot;classic&quot;}\">\n\t\t\t\t\t\t<div class=\"elementor-container elementor-column-gap-default\">\n\t\t\t\t\t<div class=\"elementor-column elementor-col-100 elementor-top-column elementor-element elementor-element-f901ce0\" data-id=\"f901ce0\" data-element_type=\"column\">\n\t\t\t<div class=\"elementor-widget-wrap elementor-element-populated\">\n\t\t\t\t\t\t<section class=\"elementor-section elementor-inner-section elementor-element elementor-element-d0c89c0 elementor-section-content-middle elementor-section-boxed elementor-section-height-default elementor-section-height-default\" data-id=\"d0c89c0\" data-element_type=\"section\">\n\t\t\t\t\t\t<div class=\"elementor-container elementor-column-gap-default\">\n\t\t\t\t\t<div class=\"elementor-column elementor-col-50 elementor-inner-column elementor-element elementor-element-2b239a5\" data-id=\"2b239a5\" data-element_type=\"column\">\n\t\t\t<div class=\"elementor-widget-wrap\">\n\t\t\t\t\t\t\t<\/div>\n\t\t<\/div>\n\t\t\t\t<div class=\"elementor-column elementor-col-50 elementor-inner-column elementor-element elementor-element-850780b\" data-id=\"850780b\" data-element_type=\"column\">\n\t\t\t<div class=\"elementor-widget-wrap\">\n\t\t\t\t\t\t\t<\/div>\n\t\t<\/div>\n\t\t\t\t\t<\/div>\n\t\t<\/section>\n\t\t\t\t\t<\/div>\n\t\t<\/div>\n\t\t\t\t\t<\/div>\n\t\t<\/section>\n\t\t\t\t<div class=\"elementor-section elementor-top-section elementor-element elementor-element-c024924 elementor-section-full_width latest-news-area pt-100 pb-75 elementor-section-height-default elementor-section-height-default\" data-id=\"c024924\" data-element_type=\"section\">\n\t\t\t\t\t\t<div class=\"elementor-container elementor-column-gap-no\">\n\t\t\t\t\t<div class=\"elementor-column elementor-col-100 elementor-top-column elementor-element elementor-element-1451e56\" data-id=\"1451e56\" data-element_type=\"column\">\n\t\t\t<div class=\"elementor-widget-wrap\">\n\t\t\t\t\t\t\t<\/div>\n\t\t<\/div>\n\t\t\t\t\t<\/div>\n\t\t<\/div>\n\t\t\t\t<\/div>","protected":false},"excerpt":{"rendered":"<p>Investiga\u021bii private la cel mai \u00eenalt nivel Peste 20 de ani de experien\u021b\u0103 \u00een rezolvarea cazurilor complexe, at\u00e2t la nivel na\u021bional, c\u00e2t \u0219i interna\u021bional. Prime\u0219te o consulta\u021bie gratuit\u0103 1. Investiga\u021bii private \u0219i supraveghere Oferim documentare riguroas\u0103 \u0219i monitorizare discret\u0103 pentru solu\u021bionarea cazurilor. 2. Antifraud\u0103 \u0219i verific\u0103ri de integritate Identific\u0103m \u0219i prevenim riscurile asociate fraudelor, asigur\u00e2nd <\/p>","protected":false},"author":1,"featured_media":0,"parent":0,"menu_order":0,"comment_status":"closed","ping_status":"closed","template":"elementor_header_footer","meta":{"_acf_changed":false,"footnotes":""},"class_list":["post-19","page","type-page","status-publish","hentry"],"acf":[],"_links":{"self":[{"href":"https:\/\/dev.generalinvestigations.ro\/en\/wp-json\/wp\/v2\/pages\/19","targetHints":{"allow":["GET"]}}],"collection":[{"href":"https:\/\/dev.generalinvestigations.ro\/en\/wp-json\/wp\/v2\/pages"}],"about":[{"href":"https:\/\/dev.generalinvestigations.ro\/en\/wp-json\/wp\/v2\/types\/page"}],"author":[{"embeddable":true,"href":"https:\/\/dev.generalinvestigations.ro\/en\/wp-json\/wp\/v2\/users\/1"}],"replies":[{"embeddable":true,"href":"https:\/\/dev.generalinvestigations.ro\/en\/wp-json\/wp\/v2\/comments?post=19"}],"version-history":[{"count":141,"href":"https:\/\/dev.generalinvestigations.ro\/en\/wp-json\/wp\/v2\/pages\/19\/revisions"}],"predecessor-version":[{"id":2677,"href":"https:\/\/dev.generalinvestigations.ro\/en\/wp-json\/wp\/v2\/pages\/19\/revisions\/2677"}],"wp:attachment":[{"href":"https:\/\/dev.generalinvestigations.ro\/en\/wp-json\/wp\/v2\/media?parent=19"}],"curies":[{"name":"wp","href":"https:\/\/api.w.org\/{rel}","templated":true}]}}